{"id":45,"date":"2021-03-21T19:24:37","date_gmt":"2021-03-21T23:24:37","guid":{"rendered":"https:\/\/honfleurburlington.org\/?page_id=45"},"modified":"2025-11-21T05:01:28","modified_gmt":"2025-11-21T10:01:28","slug":"honfleur-france","status":"publish","type":"page","link":"https:\/\/honfleurburlington.org\/fr\/honfleur-france\/","title":{"rendered":"Honfleur, France"},"content":{"rendered":"<div data-elementor-type=\"wp-page\" data-elementor-id=\"45\" class=\"elementor elementor-45\" data-elementor-post-type=\"page\">\n\t\t\t\t\t\t<section class=\"elementor-section elementor-top-section elementor-element elementor-element-535aa86 elementor-section-full_width elementor-section-height-default elementor-section-height-default\" data-id=\"535aa86\" data-element_type=\"section\" data-e-type=\"section\">\n\t\t\t\t\t\t<div class=\"elementor-container elementor-column-gap-default\">\n\t\t\t\t\t<div class=\"elementor-column elementor-col-100 elementor-top-column elementor-element elementor-element-afd3ceb\" data-id=\"afd3ceb\" data-element_type=\"column\" data-e-type=\"column\">\n\t\t\t<div class=\"elementor-widget-wrap elementor-element-populated\">\n\t\t\t\t\t\t<div class=\"elementor-element elementor-element-8f91845 elementor-widget elementor-widget-image\" data-id=\"8f91845\" data-element_type=\"widget\" data-e-type=\"widget\" data-widget_type=\"image.default\">\n\t\t\t\t<div class=\"elementor-widget-container\">\n\t\t\t\t\t\t\t\t\t\t\t\t\t\t\t<img fetchpriority=\"high\" decoding=\"async\" width=\"1312\" height=\"520\" src=\"https:\/\/honfleurburlington.org\/wp-content\/uploads\/2021\/03\/Honfleur_Harbour.jpg\" class=\"attachment-2048x2048 size-2048x2048 wp-image-46\" alt=\"Honfleur Harbour\" srcset=\"https:\/\/honfleurburlington.org\/wp-content\/uploads\/2021\/03\/Honfleur_Harbour.jpg 1312w, https:\/\/honfleurburlington.org\/wp-content\/uploads\/2021\/03\/Honfleur_Harbour-300x119.jpg 300w, https:\/\/honfleurburlington.org\/wp-content\/uploads\/2021\/03\/Honfleur_Harbour-1024x406.jpg 1024w, https:\/\/honfleurburlington.org\/wp-content\/uploads\/2021\/03\/Honfleur_Harbour-768x304.jpg 768w, https:\/\/honfleurburlington.org\/wp-content\/uploads\/2021\/03\/Honfleur_Harbour-250x99.jpg 250w, https:\/\/honfleurburlington.org\/wp-content\/uploads\/2021\/03\/Honfleur_Harbour-550x218.jpg 550w, https:\/\/honfleurburlington.org\/wp-content\/uploads\/2021\/03\/Honfleur_Harbour-800x317.jpg 800w, https:\/\/honfleurburlington.org\/wp-content\/uploads\/2021\/03\/Honfleur_Harbour-454x180.jpg 454w, https:\/\/honfleurburlington.org\/wp-content\/uploads\/2021\/03\/Honfleur_Harbour-757x300.jpg 757w, https:\/\/honfleurburlington.org\/wp-content\/uploads\/2021\/03\/Honfleur_Harbour-1262x500.jpg 1262w\" sizes=\"(max-width: 1312px) 100vw, 1312px\" \/>\t\t\t\t\t\t\t\t\t\t\t\t\t\t\t<\/div>\n\t\t\t\t<\/div>\n\t\t\t\t\t<\/div>\n\t\t<\/div>\n\t\t\t\t\t<\/div>\n\t\t<\/section>\n\t\t\t\t<section class=\"elementor-section elementor-top-section elementor-element elementor-element-71bd25ce elementor-section-boxed elementor-section-height-default elementor-section-height-default\" data-id=\"71bd25ce\" data-element_type=\"section\" data-e-type=\"section\">\n\t\t\t\t\t\t<div class=\"elementor-container elementor-column-gap-default\">\n\t\t\t\t\t<div class=\"elementor-column elementor-col-100 elementor-top-column elementor-element elementor-element-5a3c7500\" data-id=\"5a3c7500\" data-element_type=\"column\" data-e-type=\"column\">\n\t\t\t<div class=\"elementor-widget-wrap elementor-element-populated\">\n\t\t\t\t\t\t<div class=\"elementor-element elementor-element-1e9ac182 elementor-widget elementor-widget-text-editor\" data-id=\"1e9ac182\" data-element_type=\"widget\" data-e-type=\"widget\" data-widget_type=\"text-editor.default\">\n\t\t\t\t<div class=\"elementor-widget-container\">\n\t\t\t\t\t\t\t\t\t<figure class=\"wp-block-image alignfull size-large\"><\/figure>\n<p><!-- \/wp:image --><\/p>\n<p><!-- wp:paragraph --><\/p>\n<p>Nestled in the lush Normandy countryside, Honfleur is a town proud of its maritime legacy but also looks to the future.<\/p>\n<p><!-- \/wp:paragraph --><\/p>\n<p><!-- wp:paragraph --><\/p>\n<p>\u00c9pargn\u00e9e, en grande partie, par les \u00e9preuves du temps, la petite cit\u00e9 maritime a su pr\u00e9server les t\u00e9moins de ce riche pass\u00e9 historique qui en font, aujourd\u2019hui, l\u2019une des villes les plus visit\u00e9es de France.<\/p>\n<p><!-- \/wp:paragraph --><\/p>\n<p><!-- wp:paragraph --><\/p>\n<p>Honfleur has maintained the landmarks of its rich past, making it today one of the most visited towns in France. The authentic charm of its narrow cobbled streets, its monuments, and its cultural and artistic heritage ensure its international reputation.<\/p>\n<p><!-- \/wp:paragraph --><\/p>\n<p><!-- wp:paragraph --><\/p>\n<p>But Honfleur is no mere museum town. It is a dynamic port that offers many leisure activities, cultural events, and traditional festivals.<\/p>\n<p><!-- \/wp:paragraph --><\/p>\n<p><!-- wp:paragraph --><\/p>\n<p>Honfleur&#8217;s ideal location makes it the perfect starting point for sightseeing in Normandy, leading to the beautiful countryside of the Pays d&#8217;Auge, the seaside resorts along the C\u00f4te Fleurie, and the Seine estuary, so loved by the Impressionist painters. Enjoy the delicious local produce!<\/p>\n<p><!-- \/wp:paragraph --><\/p>\n<p><!-- wp:paragraph --><\/p>\n<p><a href=\"\/wp-content\/uploads\/2021\/06\/Dossier-Presse-FR.pdf\" target=\"_blank\" rel=\"noreferrer noopener\">Pour en savoir plus &gt;&gt;<\/a><\/p>\n<p><!-- \/wp:paragraph --><\/p>\n<p><!-- wp:paragraph {\"align\":\"center\"} --><\/p>\n<p class=\"has-text-align-center\">Office de Tourisme de Honfleur &amp; Son Canton<br \/>Quai Lepaulmier \u2013 14600 Honfleur<br \/>+33 (0)2 31 89 23 30<br \/><a href=\"http:\/\/www.ot-honfleur.fr\" data-type=\"URL\" data-id=\"www.ot-honfleur.fr\">www.ot-honfleur.fr<\/a><\/p>\n<p><!-- \/wp:paragraph --><\/p>\t\t\t\t\t\t\t\t<\/div>\n\t\t\t\t<\/div>\n\t\t\t\t\t<\/div>\n\t\t<\/div>\n\t\t\t\t\t<\/div>\n\t\t<\/section>\n\t\t<div class=\"elementor-element elementor-element-af00a0c e-flex e-con-boxed e-con e-parent\" data-id=\"af00a0c\" data-element_type=\"container\" data-e-type=\"container\">\n\t\t\t\t\t<div class=\"e-con-inner\">\n\t\t\t\t<div class=\"elementor-element elementor-element-c0138f5 elementor-widget elementor-widget-text-editor\" data-id=\"c0138f5\" data-element_type=\"widget\" data-e-type=\"widget\" data-widget_type=\"text-editor.default\">\n\t\t\t\t<div class=\"elementor-widget-container\">\n\t\t\t\t\t\t\t\t\t<p>Keep up with local Honfleur news with Actu.fr!<a href=\"https:\/\/actu.fr\/normandie\/honfleur_14333\/page\/2\"><br \/><\/a><\/p>\t\t\t\t\t\t\t\t<\/div>\n\t\t\t\t<\/div>\n\t\t\t\t\t<\/div>\n\t\t\t\t<\/div>\n\t\t<div class=\"elementor-element elementor-element-9181cea e-flex e-con-boxed e-con e-parent\" data-id=\"9181cea\" data-element_type=\"container\" data-e-type=\"container\">\n\t\t\t\t\t<div class=\"e-con-inner\">\n\t\t\t\t<div class=\"elementor-element elementor-element-4d6c30c elementor-widget elementor-widget-image\" data-id=\"4d6c30c\" data-element_type=\"widget\" data-e-type=\"widget\" data-widget_type=\"image.default\">\n\t\t\t\t<div class=\"elementor-widget-container\">\n\t\t\t\t\t\t\t\t\t\t\t\t\t\t\t\t<a href=\"https:\/\/actu.fr\/normandie\/honfleur_14333\/page\/2\">\n\t\t\t\t\t\t\t<img decoding=\"async\" width=\"300\" height=\"73\" src=\"https:\/\/honfleurburlington.org\/wp-content\/uploads\/2025\/11\/Screenshot-2025-11-21-at-4.56.36-AM-300x73.png\" class=\"attachment-medium size-medium wp-image-2592\" alt=\"\" srcset=\"https:\/\/honfleurburlington.org\/wp-content\/uploads\/2025\/11\/Screenshot-2025-11-21-at-4.56.36-AM-300x73.png 300w, https:\/\/honfleurburlington.org\/wp-content\/uploads\/2025\/11\/Screenshot-2025-11-21-at-4.56.36-AM-18x4.png 18w, https:\/\/honfleurburlington.org\/wp-content\/uploads\/2025\/11\/Screenshot-2025-11-21-at-4.56.36-AM.png 728w\" sizes=\"(max-width: 300px) 100vw, 300px\" \/>\t\t\t\t\t\t\t\t<\/a>\n\t\t\t\t\t\t\t\t\t\t\t\t\t\t\t<\/div>\n\t\t\t\t<\/div>\n\t\t\t\t\t<\/div>\n\t\t\t\t<\/div>\n\t\t\t\t<\/div>","protected":false},"excerpt":{"rendered":"<p>Nestled in the lush Normandy countryside, Honfleur is a town proud of its maritime legacy but also looks to the future. Successively a military stronghold, a notable commercial port, a town beloved by artists, and the birthplace of many celebrities, Honfleur has made its mark on French history. Honfleur has maintained the landmarks of its [&hellip;]<\/p>\n","protected":false},"author":1,"featured_media":0,"parent":0,"menu_order":0,"comment_status":"closed","ping_status":"closed","template":"","meta":{"bgseo_title":"","bgseo_description":"","bgseo_robots_index":"index","bgseo_robots_follow":"follow","footnotes":""},"class_list":["post-45","page","type-page","status-publish","hentry"],"_links":{"self":[{"href":"https:\/\/honfleurburlington.org\/fr\/wp-json\/wp\/v2\/pages\/45","targetHints":{"allow":["GET"]}}],"collection":[{"href":"https:\/\/honfleurburlington.org\/fr\/wp-json\/wp\/v2\/pages"}],"about":[{"href":"https:\/\/honfleurburlington.org\/fr\/wp-json\/wp\/v2\/types\/page"}],"author":[{"embeddable":true,"href":"https:\/\/honfleurburlington.org\/fr\/wp-json\/wp\/v2\/users\/1"}],"replies":[{"embeddable":true,"href":"https:\/\/honfleurburlington.org\/fr\/wp-json\/wp\/v2\/comments?post=45"}],"version-history":[{"count":10,"href":"https:\/\/honfleurburlington.org\/fr\/wp-json\/wp\/v2\/pages\/45\/revisions"}],"predecessor-version":[{"id":2598,"href":"https:\/\/honfleurburlington.org\/fr\/wp-json\/wp\/v2\/pages\/45\/revisions\/2598"}],"wp:attachment":[{"href":"https:\/\/honfleurburlington.org\/fr\/wp-json\/wp\/v2\/media?parent=45"}],"curies":[{"name":"wp","href":"https:\/\/api.w.org\/{rel}","templated":true}]}}