{"id":846,"date":"2023-04-16T07:57:32","date_gmt":"2023-04-16T11:57:32","guid":{"rendered":"https:\/\/honfleurburlington.org\/?page_id=846"},"modified":"2025-03-26T17:09:45","modified_gmt":"2025-03-26T21:09:45","slug":"jardin-des-personnalites","status":"publish","type":"page","link":"https:\/\/honfleurburlington.org\/fr\/jardin-des-personnalites\/","title":{"rendered":"Le Jardin des Personnalit\u00e9s"},"content":{"rendered":"<div data-elementor-type=\"wp-page\" data-elementor-id=\"846\" class=\"elementor elementor-846\" data-elementor-post-type=\"page\">\n\t\t\t\t\t\t<section class=\"elementor-section elementor-top-section elementor-element elementor-element-7768648 elementor-section-boxed elementor-section-height-default elementor-section-height-default\" data-id=\"7768648\" data-element_type=\"section\" data-e-type=\"section\">\n\t\t\t\t\t\t<div class=\"elementor-container elementor-column-gap-default\">\n\t\t\t\t\t<div class=\"elementor-column elementor-col-100 elementor-top-column elementor-element elementor-element-2c9c94c\" data-id=\"2c9c94c\" data-element_type=\"column\" data-e-type=\"column\">\n\t\t\t<div class=\"elementor-widget-wrap elementor-element-populated\">\n\t\t\t\t\t\t<div class=\"elementor-element elementor-element-5fe5835 elementor-widget elementor-widget-text-editor\" data-id=\"5fe5835\" data-element_type=\"widget\" data-e-type=\"widget\" data-widget_type=\"text-editor.default\">\n\t\t\t\t<div class=\"elementor-widget-container\">\n\t\t\t\t\t\t\t\t\t<p>Many notable French men and women are associated with the city of Honfleur, by birth, adoption or inspiration. To commemorate them, the city of Honfleur, led by Major Michel Lamarre, founded the Jardin des Personnalit\u00e9s in 2004.<\/p>\t\t\t\t\t\t\t\t<\/div>\n\t\t\t\t<\/div>\n\t\t\t\t\t<\/div>\n\t\t<\/div>\n\t\t\t\t\t<\/div>\n\t\t<\/section>\n\t\t\t\t<section class=\"elementor-section elementor-top-section elementor-element elementor-element-450150d elementor-section-full_width elementor-section-height-default elementor-section-height-default\" data-id=\"450150d\" data-element_type=\"section\" data-e-type=\"section\">\n\t\t\t\t\t\t<div class=\"elementor-container elementor-column-gap-default\">\n\t\t\t\t\t<div class=\"elementor-column elementor-col-100 elementor-top-column elementor-element elementor-element-43911fd\" data-id=\"43911fd\" data-element_type=\"column\" data-e-type=\"column\">\n\t\t\t<div class=\"elementor-widget-wrap elementor-element-populated\">\n\t\t\t\t\t\t<div class=\"elementor-element elementor-element-ccf59f8 elementor-widget elementor-widget-image\" data-id=\"ccf59f8\" data-element_type=\"widget\" data-e-type=\"widget\" data-widget_type=\"image.default\">\n\t\t\t\t<div class=\"elementor-widget-container\">\n\t\t\t\t\t\t\t\t\t\t\t\t\t\t\t<img fetchpriority=\"high\" decoding=\"async\" width=\"750\" height=\"467\" src=\"https:\/\/honfleurburlington.org\/wp-content\/uploads\/2023\/04\/Jardin-des-Personnalites-copy.jpg\" class=\"attachment-large size-large wp-image-842\" alt=\"Jardin des Personnalit\u00e9s\" srcset=\"https:\/\/honfleurburlington.org\/wp-content\/uploads\/2023\/04\/Jardin-des-Personnalites-copy.jpg 750w, https:\/\/honfleurburlington.org\/wp-content\/uploads\/2023\/04\/Jardin-des-Personnalites-copy-300x187.jpg 300w, https:\/\/honfleurburlington.org\/wp-content\/uploads\/2023\/04\/Jardin-des-Personnalites-copy-18x12.jpg 18w\" sizes=\"(max-width: 750px) 100vw, 750px\" \/>\t\t\t\t\t\t\t\t\t\t\t\t\t\t\t<\/div>\n\t\t\t\t<\/div>\n\t\t\t\t\t<\/div>\n\t\t<\/div>\n\t\t\t\t\t<\/div>\n\t\t<\/section>\n\t\t\t\t<section class=\"elementor-section elementor-top-section elementor-element elementor-element-056bf3a elementor-section-boxed elementor-section-height-default elementor-section-height-default\" data-id=\"056bf3a\" data-element_type=\"section\" data-e-type=\"section\">\n\t\t\t\t\t\t<div class=\"elementor-container elementor-column-gap-default\">\n\t\t\t\t\t<div class=\"elementor-column elementor-col-100 elementor-top-column elementor-element elementor-element-5a042ab\" data-id=\"5a042ab\" data-element_type=\"column\" data-e-type=\"column\">\n\t\t\t<div class=\"elementor-widget-wrap elementor-element-populated\">\n\t\t\t\t\t\t<div class=\"elementor-element elementor-element-9b434b7 elementor-widget elementor-widget-text-editor\" data-id=\"9b434b7\" data-element_type=\"widget\" data-e-type=\"widget\" data-widget_type=\"text-editor.default\">\n\t\t\t\t<div class=\"elementor-widget-container\">\n\t\t\t\t\t\t\t\t\t<p>Explains the city:<\/p>\t\t\t\t\t\t\t\t<\/div>\n\t\t\t\t<\/div>\n\t\t\t\t\t<\/div>\n\t\t<\/div>\n\t\t\t\t\t<\/div>\n\t\t<\/section>\n\t\t\t\t<section class=\"elementor-section elementor-top-section elementor-element elementor-element-df98e1d elementor-section-boxed elementor-section-height-default elementor-section-height-default\" data-id=\"df98e1d\" data-element_type=\"section\" data-e-type=\"section\">\n\t\t\t\t\t\t<div class=\"elementor-container elementor-column-gap-default\">\n\t\t\t\t\t<div class=\"elementor-column elementor-col-50 elementor-top-column elementor-element elementor-element-4117c6f\" data-id=\"4117c6f\" data-element_type=\"column\" data-e-type=\"column\">\n\t\t\t<div class=\"elementor-widget-wrap elementor-element-populated\">\n\t\t\t\t\t\t<div class=\"elementor-element elementor-element-41d113b elementor-widget elementor-widget-text-editor\" data-id=\"41d113b\" data-element_type=\"widget\" data-e-type=\"widget\" data-widget_type=\"text-editor.default\">\n\t\t\t\t<div class=\"elementor-widget-container\">\n\t\t\t\t\t\t\t\t\t<p>This 10-hectare garden offers a walk to discover the garden boats, in the center of which stand the busts of actors of Honfleur&#8217;s historical and cultural heritage. Created for strolling and dreaming, it was especially conceived to transmit the history of the city to the people of Honfleur, whether born, bred or adopted, and to present the personalities who have left their names in our memories. Indeed, in Honfleur, painters have found lights and colors that exist nowhere else. Poets, writers and musicians have been inspired. Sailors and historical figures have built this city or participated in its history. Discover their busts amid the vegetation-covered boats that express, along the water, the passing of time, the writing of the pages of this history and its continuity.<\/p><p>City of Honfleur<\/p>\t\t\t\t\t\t\t\t<\/div>\n\t\t\t\t<\/div>\n\t\t\t\t\t<\/div>\n\t\t<\/div>\n\t\t\t\t<div class=\"elementor-column elementor-col-50 elementor-top-column elementor-element elementor-element-103ffb6\" data-id=\"103ffb6\" data-element_type=\"column\" data-e-type=\"column\">\n\t\t\t<div class=\"elementor-widget-wrap elementor-element-populated\">\n\t\t\t\t\t\t<div class=\"elementor-element elementor-element-3ab7d72 elementor-widget elementor-widget-text-editor\" data-id=\"3ab7d72\" data-element_type=\"widget\" data-e-type=\"widget\" data-widget_type=\"text-editor.default\">\n\t\t\t\t<div class=\"elementor-widget-container\">\n\t\t\t\t\t\t\t\t\t<p>Ce jardin de 10 hectares propose une promenade \u00e0 la decouverte de bateaux-jardins au centre desquels se dressent les bustes des acteurs du patrimoine historique et culturel de Honfleur. R\u00e9alis\u00e9 pour a promenade et le r\u00eave, il a surtout \u00e9t\u00e9 con\u00e7u pour transmettre aux entants honfleurais de naissance, de coeur, ou d&#8217;adoption, l&#8217;histoire de la ville et pr\u00e9senter les personnalit\u00e9s qui en ont \u00e9t\u00e9 inspir\u00e9es ont laiss\u00e9 leur nom dans nos m\u00e9moires. En effet, \u00e0 Honfleur, des peintres ont trouve des lumi\u00e8res et des couleurs qui n&#8217;existent nulle part ailleurs. Des poetes, des \u00e9crivains et des musiciens y ont \u00e9t\u00e9 inspir\u00e9s. Des navigateurs et des personages historiques on construit cette ville ou on particip\u00e9 \u00e0 son histoire. D\u00e9couvrez leurs bustes au coeur des barques v\u00e9g\u00e9talis\u00e9s qui expriment, au fil de l&#8217;eau, le temps qui passe, l&#8217;\u00e9criture des pages de cette histoire et sa continuit\u00e9.<\/p><p>Ville de Honfleur<\/p>\t\t\t\t\t\t\t\t<\/div>\n\t\t\t\t<\/div>\n\t\t\t\t\t<\/div>\n\t\t<\/div>\n\t\t\t\t\t<\/div>\n\t\t<\/section>\n\t\t\t\t<section class=\"elementor-section elementor-top-section elementor-element elementor-element-62c5299 elementor-section-boxed elementor-section-height-default elementor-section-height-default\" data-id=\"62c5299\" data-element_type=\"section\" data-e-type=\"section\">\n\t\t\t\t\t\t<div class=\"elementor-container elementor-column-gap-default\">\n\t\t\t\t\t<div class=\"elementor-column elementor-col-100 elementor-top-column elementor-element elementor-element-6a52d5d\" data-id=\"6a52d5d\" data-element_type=\"column\" data-e-type=\"column\">\n\t\t\t<div class=\"elementor-widget-wrap elementor-element-populated\">\n\t\t\t\t\t\t<div class=\"elementor-element elementor-element-434d058 elementor-widget elementor-widget-text-editor\" data-id=\"434d058\" data-element_type=\"widget\" data-e-type=\"widget\" data-widget_type=\"text-editor.default\">\n\t\t\t\t<div class=\"elementor-widget-container\">\n\t\t\t\t\t\t\t\t\t<p>In 2022, <strong>Philippe Grenier<\/strong>, a member of the Honfleur Comit\u00e9 des Jumelages, began writing delightful, brief profiles of the personnalit\u00e9s for the website of the Alliance Fran\u00e7aise of the Lake Champlain Region. They have by now become a series. You can read them by clicking the photos.<\/p>\t\t\t\t\t\t\t\t<\/div>\n\t\t\t\t<\/div>\n\t\t\t\t\t<\/div>\n\t\t<\/div>\n\t\t\t\t\t<\/div>\n\t\t<\/section>\n\t\t\t\t<section class=\"elementor-section elementor-top-section elementor-element elementor-element-94aad69 elementor-section-boxed elementor-section-height-default elementor-section-height-default\" data-id=\"94aad69\" data-element_type=\"section\" data-e-type=\"section\">\n\t\t\t\t\t\t<div class=\"elementor-container elementor-column-gap-default\">\n\t\t\t\t\t<div class=\"elementor-column elementor-col-50 elementor-top-column elementor-element elementor-element-b751a22\" data-id=\"b751a22\" data-element_type=\"column\" data-e-type=\"column\">\n\t\t\t<div class=\"elementor-widget-wrap\">\n\t\t\t\t\t\t\t<\/div>\n\t\t<\/div>\n\t\t\t\t<div class=\"elementor-column elementor-col-50 elementor-top-column elementor-element elementor-element-8fa8ae9\" data-id=\"8fa8ae9\" data-element_type=\"column\" data-e-type=\"column\">\n\t\t\t<div class=\"elementor-widget-wrap\">\n\t\t\t\t\t\t\t<\/div>\n\t\t<\/div>\n\t\t\t\t\t<\/div>\n\t\t<\/section>\n\t\t\t\t<section class=\"elementor-section elementor-top-section elementor-element elementor-element-b063bcd elementor-section-boxed elementor-section-height-default elementor-section-height-default\" data-id=\"b063bcd\" data-element_type=\"section\" data-e-type=\"section\">\n\t\t\t\t\t\t<div class=\"elementor-container elementor-column-gap-default\">\n\t\t\t\t\t<div class=\"elementor-column elementor-col-50 elementor-top-column elementor-element elementor-element-4dfbb9e\" data-id=\"4dfbb9e\" data-element_type=\"column\" data-e-type=\"column\">\n\t\t\t<div class=\"elementor-widget-wrap elementor-element-populated\">\n\t\t\t\t\t\t<div class=\"elementor-element elementor-element-ccb7b52 elementor-widget elementor-widget-image\" data-id=\"ccb7b52\" data-element_type=\"widget\" data-e-type=\"widget\" data-widget_type=\"image.default\">\n\t\t\t\t<div class=\"elementor-widget-container\">\n\t\t\t\t\t\t\t\t\t\t\t\t<figure class=\"wp-caption\">\n\t\t\t\t\t\t\t\t\t\t\t<a href=\"https:\/\/www.aflcr.org\/depeche-honfleur-johan-barthold-jongkind\/\">\n\t\t\t\t\t\t\t<img decoding=\"async\" width=\"800\" height=\"965\" src=\"https:\/\/honfleurburlington.org\/wp-content\/uploads\/2023\/04\/Jongkind-in-the-Jardin-newsletter-copy-849x1024.jpg\" class=\"attachment-large size-large wp-image-843\" alt=\"Jongkind\" srcset=\"https:\/\/honfleurburlington.org\/wp-content\/uploads\/2023\/04\/Jongkind-in-the-Jardin-newsletter-copy-849x1024.jpg 849w, https:\/\/honfleurburlington.org\/wp-content\/uploads\/2023\/04\/Jongkind-in-the-Jardin-newsletter-copy-249x300.jpg 249w, https:\/\/honfleurburlington.org\/wp-content\/uploads\/2023\/04\/Jongkind-in-the-Jardin-newsletter-copy-768x926.jpg 768w, https:\/\/honfleurburlington.org\/wp-content\/uploads\/2023\/04\/Jongkind-in-the-Jardin-newsletter-copy-10x12.jpg 10w, https:\/\/honfleurburlington.org\/wp-content\/uploads\/2023\/04\/Jongkind-in-the-Jardin-newsletter-copy.jpg 895w\" sizes=\"(max-width: 800px) 100vw, 800px\" \/>\t\t\t\t\t\t\t\t<\/a>\n\t\t\t\t\t\t\t\t\t\t\t<figcaption class=\"widget-image-caption wp-caption-text\">J. B. Jongkind, painter<\/figcaption>\n\t\t\t\t\t\t\t\t\t\t<\/figure>\n\t\t\t\t\t\t\t\t\t<\/div>\n\t\t\t\t<\/div>\n\t\t\t\t\t<\/div>\n\t\t<\/div>\n\t\t\t\t<div class=\"elementor-column elementor-col-50 elementor-top-column elementor-element elementor-element-9650fcf\" data-id=\"9650fcf\" data-element_type=\"column\" data-e-type=\"column\">\n\t\t\t<div class=\"elementor-widget-wrap elementor-element-populated\">\n\t\t\t\t\t\t<div class=\"elementor-element elementor-element-3418612 elementor-widget elementor-widget-image\" data-id=\"3418612\" data-element_type=\"widget\" data-e-type=\"widget\" data-widget_type=\"image.default\">\n\t\t\t\t<div class=\"elementor-widget-container\">\n\t\t\t\t\t\t\t\t\t\t\t\t<figure class=\"wp-caption\">\n\t\t\t\t\t\t\t\t\t\t\t<a href=\"https:\/\/www.aflcr.org\/erik-satie-un-musicien-atypique\/\">\n\t\t\t\t\t\t\t<img decoding=\"async\" width=\"769\" height=\"1024\" src=\"https:\/\/honfleurburlington.org\/wp-content\/uploads\/2023\/04\/Satie-bust-in-jardin-copy-769x1024.jpg\" class=\"attachment-large size-large wp-image-844\" alt=\"Satie\" srcset=\"https:\/\/honfleurburlington.org\/wp-content\/uploads\/2023\/04\/Satie-bust-in-jardin-copy-769x1024.jpg 769w, https:\/\/honfleurburlington.org\/wp-content\/uploads\/2023\/04\/Satie-bust-in-jardin-copy-225x300.jpg 225w, https:\/\/honfleurburlington.org\/wp-content\/uploads\/2023\/04\/Satie-bust-in-jardin-copy-768x1023.jpg 768w, https:\/\/honfleurburlington.org\/wp-content\/uploads\/2023\/04\/Satie-bust-in-jardin-copy-1153x1536.jpg 1153w, https:\/\/honfleurburlington.org\/wp-content\/uploads\/2023\/04\/Satie-bust-in-jardin-copy-9x12.jpg 9w, https:\/\/honfleurburlington.org\/wp-content\/uploads\/2023\/04\/Satie-bust-in-jardin-copy.jpg 1528w\" sizes=\"(max-width: 769px) 100vw, 769px\" \/>\t\t\t\t\t\t\t\t<\/a>\n\t\t\t\t\t\t\t\t\t\t\t<figcaption class=\"widget-image-caption wp-caption-text\">Erik Satie, composer<\/figcaption>\n\t\t\t\t\t\t\t\t\t\t<\/figure>\n\t\t\t\t\t\t\t\t\t<\/div>\n\t\t\t\t<\/div>\n\t\t\t\t\t<\/div>\n\t\t<\/div>\n\t\t\t\t\t<\/div>\n\t\t<\/section>\n\t\t\t\t<section class=\"elementor-section elementor-top-section elementor-element elementor-element-e4c835b elementor-section-boxed elementor-section-height-default elementor-section-height-default\" data-id=\"e4c835b\" data-element_type=\"section\" data-e-type=\"section\">\n\t\t\t\t\t\t<div class=\"elementor-container elementor-column-gap-default\">\n\t\t\t\t\t<div class=\"elementor-column elementor-col-50 elementor-top-column elementor-element elementor-element-90e30b1\" data-id=\"90e30b1\" data-element_type=\"column\" data-e-type=\"column\">\n\t\t\t<div class=\"elementor-widget-wrap elementor-element-populated\">\n\t\t\t\t\t\t<div class=\"elementor-element elementor-element-b76d121 elementor-widget elementor-widget-image\" data-id=\"b76d121\" data-element_type=\"widget\" data-e-type=\"widget\" data-widget_type=\"image.default\">\n\t\t\t\t<div class=\"elementor-widget-container\">\n\t\t\t\t\t\t\t\t\t\t\t\t<figure class=\"wp-caption\">\n\t\t\t\t\t\t\t\t\t\t\t<a href=\"https:\/\/www.aflcr.org\/alphonse-allais-le-pere-de-lhumour-modern\/\">\n\t\t\t\t\t\t\t<img loading=\"lazy\" decoding=\"async\" width=\"735\" height=\"1024\" src=\"https:\/\/honfleurburlington.org\/wp-content\/uploads\/2023\/04\/Allais-bust-in-Honfleur-735x1024.jpg\" class=\"attachment-large size-large wp-image-839\" alt=\"Allais\" srcset=\"https:\/\/honfleurburlington.org\/wp-content\/uploads\/2023\/04\/Allais-bust-in-Honfleur-735x1024.jpg 735w, https:\/\/honfleurburlington.org\/wp-content\/uploads\/2023\/04\/Allais-bust-in-Honfleur-215x300.jpg 215w, https:\/\/honfleurburlington.org\/wp-content\/uploads\/2023\/04\/Allais-bust-in-Honfleur-768x1070.jpg 768w, https:\/\/honfleurburlington.org\/wp-content\/uploads\/2023\/04\/Allais-bust-in-Honfleur-1102x1536.jpg 1102w, https:\/\/honfleurburlington.org\/wp-content\/uploads\/2023\/04\/Allais-bust-in-Honfleur-1470x2048.jpg 1470w, https:\/\/honfleurburlington.org\/wp-content\/uploads\/2023\/04\/Allais-bust-in-Honfleur-9x12.jpg 9w, https:\/\/honfleurburlington.org\/wp-content\/uploads\/2023\/04\/Allais-bust-in-Honfleur.jpg 1531w\" sizes=\"(max-width: 735px) 100vw, 735px\" \/>\t\t\t\t\t\t\t\t<\/a>\n\t\t\t\t\t\t\t\t\t\t\t<figcaption class=\"widget-image-caption wp-caption-text\">Alphonse Allais, humorist<\/figcaption>\n\t\t\t\t\t\t\t\t\t\t<\/figure>\n\t\t\t\t\t\t\t\t\t<\/div>\n\t\t\t\t<\/div>\n\t\t\t\t\t<\/div>\n\t\t<\/div>\n\t\t\t\t<div class=\"elementor-column elementor-col-50 elementor-top-column elementor-element elementor-element-0c83182\" data-id=\"0c83182\" data-element_type=\"column\" data-e-type=\"column\">\n\t\t\t<div class=\"elementor-widget-wrap elementor-element-populated\">\n\t\t\t\t\t\t<div class=\"elementor-element elementor-element-2544d1a elementor-widget elementor-widget-image\" data-id=\"2544d1a\" data-element_type=\"widget\" data-e-type=\"widget\" data-widget_type=\"image.default\">\n\t\t\t\t<div class=\"elementor-widget-container\">\n\t\t\t\t\t\t\t\t\t\t\t\t<figure class=\"wp-caption\">\n\t\t\t\t\t\t\t\t\t\t\t<a href=\"https:\/\/www.aflcr.org\/depeche-honfleur-charles-baudelaire\/\">\n\t\t\t\t\t\t\t<img loading=\"lazy\" decoding=\"async\" width=\"800\" height=\"860\" src=\"https:\/\/honfleurburlington.org\/wp-content\/uploads\/2023\/04\/Baudelaire-bust.jpg\" class=\"attachment-large size-large wp-image-840\" alt=\"Baudelaire\" srcset=\"https:\/\/honfleurburlington.org\/wp-content\/uploads\/2023\/04\/Baudelaire-bust.jpg 834w, https:\/\/honfleurburlington.org\/wp-content\/uploads\/2023\/04\/Baudelaire-bust-279x300.jpg 279w, https:\/\/honfleurburlington.org\/wp-content\/uploads\/2023\/04\/Baudelaire-bust-768x826.jpg 768w, https:\/\/honfleurburlington.org\/wp-content\/uploads\/2023\/04\/Baudelaire-bust-11x12.jpg 11w\" sizes=\"(max-width: 800px) 100vw, 800px\" \/>\t\t\t\t\t\t\t\t<\/a>\n\t\t\t\t\t\t\t\t\t\t\t<figcaption class=\"widget-image-caption wp-caption-text\">Charles Baudelaire, poet<\/figcaption>\n\t\t\t\t\t\t\t\t\t\t<\/figure>\n\t\t\t\t\t\t\t\t\t<\/div>\n\t\t\t\t<\/div>\n\t\t\t\t\t<\/div>\n\t\t<\/div>\n\t\t\t\t\t<\/div>\n\t\t<\/section>\n\t\t\t\t<\/div>","protected":false},"excerpt":{"rendered":"<p>Many notable French men and women are associated with the city of Honfleur, by birth, adoption or inspiration. To commemorate them, the city of Honfleur, led by Major Michel Lamarre, founded the Jardin des Personnalit\u00e9s in 2004. Explains the city: This 10-hectare garden offers a walk to discover the garden boats, in the center of [&hellip;]<\/p>\n","protected":false},"author":4,"featured_media":0,"parent":0,"menu_order":0,"comment_status":"closed","ping_status":"closed","template":"","meta":{"bgseo_title":"","bgseo_description":"","bgseo_robots_index":"","bgseo_robots_follow":"","footnotes":""},"class_list":["post-846","page","type-page","status-publish","hentry"],"_links":{"self":[{"href":"https:\/\/honfleurburlington.org\/fr\/wp-json\/wp\/v2\/pages\/846","targetHints":{"allow":["GET"]}}],"collection":[{"href":"https:\/\/honfleurburlington.org\/fr\/wp-json\/wp\/v2\/pages"}],"about":[{"href":"https:\/\/honfleurburlington.org\/fr\/wp-json\/wp\/v2\/types\/page"}],"author":[{"embeddable":true,"href":"https:\/\/honfleurburlington.org\/fr\/wp-json\/wp\/v2\/users\/4"}],"replies":[{"embeddable":true,"href":"https:\/\/honfleurburlington.org\/fr\/wp-json\/wp\/v2\/comments?post=846"}],"version-history":[{"count":11,"href":"https:\/\/honfleurburlington.org\/fr\/wp-json\/wp\/v2\/pages\/846\/revisions"}],"predecessor-version":[{"id":2321,"href":"https:\/\/honfleurburlington.org\/fr\/wp-json\/wp\/v2\/pages\/846\/revisions\/2321"}],"wp:attachment":[{"href":"https:\/\/honfleurburlington.org\/fr\/wp-json\/wp\/v2\/media?parent=846"}],"curies":[{"name":"wp","href":"https:\/\/api.w.org\/{rel}","templated":true}]}}